{"id":54643,"date":"2017-03-07T12:58:27","date_gmt":"2017-03-07T02:58:27","guid":{"rendered":"https:\/\/queen.com.au\/product\/queen-finest-vanilla-bean-pods-2pk"},"modified":"2025-12-01T12:48:40","modified_gmt":"2025-12-01T02:48:40","slug":"queen-finest-vanilla-bean-pods-2pk","status":"publish","type":"product","link":"https:\/\/queen.com.au\/nz\/products\/queen-finest-vanilla-bean-pods-2pk\/","title":{"rendered":"Queen Finest Vanilla Bean Pods 2pk"},"content":{"rendered":"<p>Add rich, aromatic flavour to your baking with QUEEN\u00ae Pure Vanilla Bean Pods. These plump, fragrant pods are packed with tiny seeds that bring a rich, aromatic flavour to your favourite recipes.<\/p>\n<p>How to use:\u202fSplit the pod lengthways and scrape out the seeds. You can also simmer the whole pod in milk or cream for extra flavour.<\/p>\n<p>Simply slice and scrape to add rich, pure vanilla flavour to custards, ice cream, cr\u00e8me br\u00fbl\u00e9e or even homemade vanilla sugar.<\/p>\n\n","protected":false},"excerpt":{"rendered":"<p>Add rich, aromatic flavour to your baking with QUEEN\u00ae Pure Vanilla Bean Pods. These plump, fragrant pods are packed with tiny seeds that bring a rich, aromatic flavour to your favourite recipes. How to use:\u202fSplit the pod lengthways and scrape &hellip; <a href=\"https:\/\/queen.com.au\/nz\/products\/queen-finest-vanilla-bean-pods-2pk\/\">Continued<\/a><\/p>\n","protected":false},"featured_media":53570,"comment_status":"closed","ping_status":"closed","template":"","meta":{"_acf_changed":false,"_relevanssi_hide_post":"","_relevanssi_hide_content":"","_relevanssi_pin_for_all":"","_relevanssi_pin_keywords":"","_relevanssi_unpin_keywords":"","_relevanssi_related_keywords":"","_relevanssi_related_include_ids":"","_relevanssi_related_exclude_ids":"","_relevanssi_related_no_append":"","_relevanssi_related_not_related":"","_relevanssi_related_posts":"","_relevanssi_noindex_reason":""},"product_brand":[],"product_cat":[70],"product_tag":[],"class_list":{"0":"post-54643","1":"product","2":"type-product","3":"status-publish","4":"has-post-thumbnail","6":"product_cat-vanilla","8":"first","9":"instock","10":"taxable","11":"shipping-taxable","12":"product-type-simple"},"acf":[],"yoast_head":"<!-- This site is optimized with the Yoast SEO plugin v27.1.1 - https:\/\/yoast.com\/product\/yoast-seo-wordpress\/ -->\n<title>Queen Finest Vanilla Bean Pods 2pk | Queen Fine Foods<\/title>\n<meta name=\"description\" content=\"These pure, single origin vanilla bean pods are from Papua New Guinea, a region prized for producing vanilla and extracts with an incredibly aromatic flavour.\" \/>\n<meta name=\"robots\" content=\"index, follow, max-snippet:-1, max-image-preview:large, max-video-preview:-1\" \/>\n<link rel=\"canonical\" href=\"https:\/\/queen.com.au\/nz\/wp-json\/wp\/v2\/product\/54643\" \/>\n<meta property=\"og:locale\" content=\"en_US\" \/>\n<meta property=\"og:type\" content=\"article\" \/>\n<meta property=\"og:title\" content=\"Queen Finest Vanilla Bean Pods 2pk | Queen Fine Foods\" \/>\n<meta property=\"og:description\" content=\"These pure, single origin vanilla bean pods are from Papua New Guinea, a region prized for producing vanilla and extracts with an incredibly aromatic flavour.\" \/>\n<meta property=\"og:url\" content=\"https:\/\/queen.com.au\/nz\/products\/queen-finest-vanilla-bean-pods-2pk\/\" \/>\n<meta property=\"og:site_name\" content=\"Queen Fine Foods\" \/>\n<meta property=\"article:modified_time\" content=\"2025-12-01T02:48:40+00:00\" \/>\n<meta property=\"og:image\" content=\"https:\/\/queen.com.au\/wp-content\/uploads\/2017\/03\/Queen-Finest-Pure-Vanilla-Bean-Pods.jpg\" \/>\n\t<meta property=\"og:image:width\" content=\"752\" \/>\n\t<meta property=\"og:image:height\" content=\"752\" \/>\n\t<meta property=\"og:image:type\" content=\"image\/jpeg\" \/>\n<script type=\"application\/ld+json\" class=\"yoast-schema-graph\">{\"@context\":\"https:\/\/schema.org\",\"@graph\":[{\"@type\":\"WebPage\",\"@id\":\"https:\/\/queen.com.au\/nz\/products\/queen-finest-vanilla-bean-pods-2pk\/\",\"url\":\"https:\/\/queen.com.au\/nz\/products\/queen-finest-vanilla-bean-pods-2pk\/\",\"name\":\"Queen Finest Vanilla Bean Pods 2pk | Queen Fine Foods\",\"isPartOf\":{\"@id\":\"https:\/\/queen.com.au\/nz\/#website\"},\"primaryImageOfPage\":{\"@id\":\"https:\/\/queen.com.au\/nz\/products\/queen-finest-vanilla-bean-pods-2pk\/#primaryimage\"},\"image\":{\"@id\":\"https:\/\/queen.com.au\/nz\/products\/queen-finest-vanilla-bean-pods-2pk\/#primaryimage\"},\"thumbnailUrl\":\"https:\/\/queen.com.au\/wp-content\/uploads\/2017\/03\/Queen-Finest-Pure-Vanilla-Bean-Pods.jpg\",\"datePublished\":\"2017-03-07T02:58:27+00:00\",\"dateModified\":\"2025-12-01T02:48:40+00:00\",\"description\":\"These pure, single origin vanilla bean pods are from Papua New Guinea, a region prized for producing vanilla and extracts with an incredibly aromatic flavour.\",\"breadcrumb\":{\"@id\":\"https:\/\/queen.com.au\/nz\/products\/queen-finest-vanilla-bean-pods-2pk\/#breadcrumb\"},\"inLanguage\":\"nz\",\"potentialAction\":[{\"@type\":\"ReadAction\",\"target\":[\"https:\/\/queen.com.au\/nz\/products\/queen-finest-vanilla-bean-pods-2pk\/\"]}]},{\"@type\":\"ImageObject\",\"inLanguage\":\"nz\",\"@id\":\"https:\/\/queen.com.au\/nz\/products\/queen-finest-vanilla-bean-pods-2pk\/#primaryimage\",\"url\":\"https:\/\/queen.com.au\/wp-content\/uploads\/2017\/03\/Queen-Finest-Pure-Vanilla-Bean-Pods.jpg\",\"contentUrl\":\"https:\/\/queen.com.au\/wp-content\/uploads\/2017\/03\/Queen-Finest-Pure-Vanilla-Bean-Pods.jpg\",\"width\":752,\"height\":752},{\"@type\":\"BreadcrumbList\",\"@id\":\"https:\/\/queen.com.au\/nz\/products\/queen-finest-vanilla-bean-pods-2pk\/#breadcrumb\",\"itemListElement\":[{\"@type\":\"ListItem\",\"position\":1,\"name\":\"Home\",\"item\":\"https:\/\/queen.com.au\/nz\/\"},{\"@type\":\"ListItem\",\"position\":2,\"name\":\"Products\",\"item\":\"https:\/\/queen.com.au\/nz\/products\/\"},{\"@type\":\"ListItem\",\"position\":3,\"name\":\"Vanilla\",\"item\":\"https:\/\/queen.com.au\/nz\/products\/vanilla\/\"},{\"@type\":\"ListItem\",\"position\":4,\"name\":\"Queen Finest Vanilla Bean Pods 2pk\"}]},{\"@type\":\"WebSite\",\"@id\":\"https:\/\/queen.com.au\/nz\/#website\",\"url\":\"https:\/\/queen.com.au\/nz\/\",\"name\":\"Queen Fine Foods\",\"description\":\"Queen Fine Foods\",\"publisher\":{\"@id\":\"https:\/\/queen.com.au\/nz\/#organization\"},\"potentialAction\":[{\"@type\":\"SearchAction\",\"target\":{\"@type\":\"EntryPoint\",\"urlTemplate\":\"https:\/\/queen.com.au\/nz\/?s={search_term_string}\"},\"query-input\":{\"@type\":\"PropertyValueSpecification\",\"valueRequired\":true,\"valueName\":\"search_term_string\"}}],\"inLanguage\":\"nz\"},{\"@type\":\"Organization\",\"@id\":\"https:\/\/queen.com.au\/nz\/#organization\",\"name\":\"Queen Fine Foods\",\"url\":\"https:\/\/queen.com.au\/nz\/\",\"logo\":{\"@type\":\"ImageObject\",\"inLanguage\":\"nz\",\"@id\":\"https:\/\/queen.com.au\/nz\/#\/schema\/logo\/image\/\",\"url\":\"https:\/\/dfuukapb8h94d.cloudfront.net\/wp-content\/uploads\/2019\/10\/29184415\/queen-logo.png\",\"contentUrl\":\"https:\/\/dfuukapb8h94d.cloudfront.net\/wp-content\/uploads\/2019\/10\/29184415\/queen-logo.png\",\"width\":666,\"height\":174,\"caption\":\"Queen Fine Foods\"},\"image\":{\"@id\":\"https:\/\/queen.com.au\/nz\/#\/schema\/logo\/image\/\"}}]}<\/script>\n<!-- \/ Yoast SEO plugin. -->","yoast_head_json":{"title":"Queen Finest Vanilla Bean Pods 2pk | Queen Fine Foods","description":"These pure, single origin vanilla bean pods are from Papua New Guinea, a region prized for producing vanilla and extracts with an incredibly aromatic flavour.","robots":{"index":"index","follow":"follow","max-snippet":"max-snippet:-1","max-image-preview":"max-image-preview:large","max-video-preview":"max-video-preview:-1"},"canonical":"https:\/\/queen.com.au\/nz\/wp-json\/wp\/v2\/product\/54643","og_locale":"en_US","og_type":"article","og_title":"Queen Finest Vanilla Bean Pods 2pk | Queen Fine Foods","og_description":"These pure, single origin vanilla bean pods are from Papua New Guinea, a region prized for producing vanilla and extracts with an incredibly aromatic flavour.","og_url":"https:\/\/queen.com.au\/nz\/products\/queen-finest-vanilla-bean-pods-2pk\/","og_site_name":"Queen Fine Foods","article_modified_time":"2025-12-01T02:48:40+00:00","og_image":[{"width":752,"height":752,"url":"https:\/\/queen.com.au\/wp-content\/uploads\/2017\/03\/Queen-Finest-Pure-Vanilla-Bean-Pods.jpg","type":"image\/jpeg"}],"schema":{"@context":"https:\/\/schema.org","@graph":[{"@type":"WebPage","@id":"https:\/\/queen.com.au\/nz\/products\/queen-finest-vanilla-bean-pods-2pk\/","url":"https:\/\/queen.com.au\/nz\/products\/queen-finest-vanilla-bean-pods-2pk\/","name":"Queen Finest Vanilla Bean Pods 2pk | Queen Fine Foods","isPartOf":{"@id":"https:\/\/queen.com.au\/nz\/#website"},"primaryImageOfPage":{"@id":"https:\/\/queen.com.au\/nz\/products\/queen-finest-vanilla-bean-pods-2pk\/#primaryimage"},"image":{"@id":"https:\/\/queen.com.au\/nz\/products\/queen-finest-vanilla-bean-pods-2pk\/#primaryimage"},"thumbnailUrl":"https:\/\/queen.com.au\/wp-content\/uploads\/2017\/03\/Queen-Finest-Pure-Vanilla-Bean-Pods.jpg","datePublished":"2017-03-07T02:58:27+00:00","dateModified":"2025-12-01T02:48:40+00:00","description":"These pure, single origin vanilla bean pods are from Papua New Guinea, a region prized for producing vanilla and extracts with an incredibly aromatic flavour.","breadcrumb":{"@id":"https:\/\/queen.com.au\/nz\/products\/queen-finest-vanilla-bean-pods-2pk\/#breadcrumb"},"inLanguage":"nz","potentialAction":[{"@type":"ReadAction","target":["https:\/\/queen.com.au\/nz\/products\/queen-finest-vanilla-bean-pods-2pk\/"]}]},{"@type":"ImageObject","inLanguage":"nz","@id":"https:\/\/queen.com.au\/nz\/products\/queen-finest-vanilla-bean-pods-2pk\/#primaryimage","url":"https:\/\/queen.com.au\/wp-content\/uploads\/2017\/03\/Queen-Finest-Pure-Vanilla-Bean-Pods.jpg","contentUrl":"https:\/\/queen.com.au\/wp-content\/uploads\/2017\/03\/Queen-Finest-Pure-Vanilla-Bean-Pods.jpg","width":752,"height":752},{"@type":"BreadcrumbList","@id":"https:\/\/queen.com.au\/nz\/products\/queen-finest-vanilla-bean-pods-2pk\/#breadcrumb","itemListElement":[{"@type":"ListItem","position":1,"name":"Home","item":"https:\/\/queen.com.au\/nz\/"},{"@type":"ListItem","position":2,"name":"Products","item":"https:\/\/queen.com.au\/nz\/products\/"},{"@type":"ListItem","position":3,"name":"Vanilla","item":"https:\/\/queen.com.au\/nz\/products\/vanilla\/"},{"@type":"ListItem","position":4,"name":"Queen Finest Vanilla Bean Pods 2pk"}]},{"@type":"WebSite","@id":"https:\/\/queen.com.au\/nz\/#website","url":"https:\/\/queen.com.au\/nz\/","name":"Queen Fine Foods","description":"Queen Fine Foods","publisher":{"@id":"https:\/\/queen.com.au\/nz\/#organization"},"potentialAction":[{"@type":"SearchAction","target":{"@type":"EntryPoint","urlTemplate":"https:\/\/queen.com.au\/nz\/?s={search_term_string}"},"query-input":{"@type":"PropertyValueSpecification","valueRequired":true,"valueName":"search_term_string"}}],"inLanguage":"nz"},{"@type":"Organization","@id":"https:\/\/queen.com.au\/nz\/#organization","name":"Queen Fine Foods","url":"https:\/\/queen.com.au\/nz\/","logo":{"@type":"ImageObject","inLanguage":"nz","@id":"https:\/\/queen.com.au\/nz\/#\/schema\/logo\/image\/","url":"https:\/\/dfuukapb8h94d.cloudfront.net\/wp-content\/uploads\/2019\/10\/29184415\/queen-logo.png","contentUrl":"https:\/\/dfuukapb8h94d.cloudfront.net\/wp-content\/uploads\/2019\/10\/29184415\/queen-logo.png","width":666,"height":174,"caption":"Queen Fine Foods"},"image":{"@id":"https:\/\/queen.com.au\/nz\/#\/schema\/logo\/image\/"}}]}},"_links":{"self":[{"href":"https:\/\/queen.com.au\/nz\/wp-json\/wp\/v2\/product\/54643","targetHints":{"allow":["GET"]}}],"collection":[{"href":"https:\/\/queen.com.au\/nz\/wp-json\/wp\/v2\/product"}],"about":[{"href":"https:\/\/queen.com.au\/nz\/wp-json\/wp\/v2\/types\/product"}],"replies":[{"embeddable":true,"href":"https:\/\/queen.com.au\/nz\/wp-json\/wp\/v2\/comments?post=54643"}],"wp:featuredmedia":[{"embeddable":true,"href":"https:\/\/queen.com.au\/nz\/wp-json\/wp\/v2\/media\/53570"}],"wp:attachment":[{"href":"https:\/\/queen.com.au\/nz\/wp-json\/wp\/v2\/media?parent=54643"}],"wp:term":[{"taxonomy":"product_brand","embeddable":true,"href":"https:\/\/queen.com.au\/nz\/wp-json\/wp\/v2\/product_brand?post=54643"},{"taxonomy":"product_cat","embeddable":true,"href":"https:\/\/queen.com.au\/nz\/wp-json\/wp\/v2\/product_cat?post=54643"},{"taxonomy":"product_tag","embeddable":true,"href":"https:\/\/queen.com.au\/nz\/wp-json\/wp\/v2\/product_tag?post=54643"}],"curies":[{"name":"wp","href":"https:\/\/api.w.org\/{rel}","templated":true}]}}